{"id":22,"date":"2020-09-24T05:15:03","date_gmt":"2020-09-24T05:15:03","guid":{"rendered":"https:\/\/kenshobucerias.com.mx\/about\/"},"modified":"2024-11-05T15:47:41","modified_gmt":"2024-11-05T15:47:41","slug":"about-kensho-thai-asian-bucerias","status":"publish","type":"page","link":"https:\/\/kenshobucerias.com.mx\/es\/about-kensho-thai-asian-bucerias\/","title":{"rendered":"BIENVENIDA"},"content":{"rendered":"<figure class=\"wp-block-image alignwide size-large\"><img loading=\"lazy\" decoding=\"async\" width=\"812\" height=\"1024\" src=\"https:\/\/kenshobucerias.com.mx\/wp-content\/uploads\/2024\/11\/Thai-Ribs2-812x1024.jpg\" alt=\"\" class=\"wp-image-357\" srcset=\"https:\/\/kenshobucerias.com.mx\/wp-content\/uploads\/2024\/11\/Thai-Ribs2-812x1024.jpg 812w, https:\/\/kenshobucerias.com.mx\/wp-content\/uploads\/2024\/11\/Thai-Ribs2-238x300.jpg 238w, https:\/\/kenshobucerias.com.mx\/wp-content\/uploads\/2024\/11\/Thai-Ribs2-768x968.jpg 768w, https:\/\/kenshobucerias.com.mx\/wp-content\/uploads\/2024\/11\/Thai-Ribs2-10x12.jpg 10w, https:\/\/kenshobucerias.com.mx\/wp-content\/uploads\/2024\/11\/Thai-Ribs2.jpg 1039w\" sizes=\"auto, (max-width: 812px) 100vw, 812px\" \/><\/figure>\n\n\n\n<p><strong>kensh\u014d<\/strong> sits on a little corner in Bucer\u00edas known as the &#8220;Golden Zone&#8221;. Operated by Val and his amazingly talented team, <strong>kensh\u014d<\/strong> wants to bring the best dishes, using the freshest ingredients, to every guest that stops by. More importantly it&#8217;s the time you spend with us that makes <strong>kensh\u014d<\/strong>, <strong>kensh\u014d<\/strong>. It really is food, friends and moments.<br><\/p>\n\n\n\n<p><strong>kensh\u014d<\/strong> brings to life Asian fusion favourites, both savory and sweet, inspired from Thailand, China, India and the like. Open six days a week during high season, we offer a selection of delicious curries, pad thai, and stir-fries with amazing fresh ingredients, unique beverages, and fresh appetizers. <br>We look forward to seeing you.<\/p>\n\n\n\n<div style=\"height:20px\" aria-hidden=\"true\" class=\"wp-block-spacer\"><\/div>\n\n\n\n<p class=\"has-text-align-center\"><strong>YOU CAN FIND US AT:<\/strong><br>Calle L\u00e1zaro C\u00e1rdenas #108 (corner of August\u00edn Melgar) <br>Bucer\u00edas, Nayarit, M\u00e9xico<br>T: 329 298 1324<\/p>\n\n\n\n<p class=\"has-text-align-center\">October ~ WED-SUN: 3pm &#8211; 10pm<\/p>\n\n\n\n<p class=\"has-text-align-center\">November-August ~ TUE-SUN: 3pm &#8211; 10pm<\/p>\n\n\n\n<p class=\"has-text-align-center\"><br>September and EVERY MON: CLOSED<\/p>\n\n\n\n<div style=\"min-height:400px\" data-map-attr=\"\/qaddress\/q:\/qcalle lazaro cardenas y augustin melgar bucerias\/q||\/qlat\/q:\/qundefined\/q||\/qlng\/q:\/qundefined\/q||\/qskin\/q:\/qstandard\/q||\/qzoom\/q:\/q18\/q||\/qiconSize\/q:\/q36\/q||\/qmapTypeControl\/q:\/qtrue\/q||\/qzoomControl\/q:\/qtrue\/q||\/qstreetViewControl\/q:\/qtrue\/q||\/qfullscreenControl\/q:\/qtrue\/q\" class=\"wp-block-coblocks-map\"><iframe title=\"Google Map\" frameborder=\"0\" style=\"width:100%;min-height:400px\" src=\"https:\/\/www.google.com\/maps?q=calle%20lazaro%20cardenas%20y%20augustin%20melgar%20bucerias&amp;output=embed&amp;hl=en-CA&amp;z=18\"><\/iframe><\/div>","protected":false},"excerpt":{"rendered":"<p>kensh\u014d sits on a little corner in Bucer\u00edas known as the &#8220;Golden Zone&#8221;. Operated by Val and his amazingly talented team, kensh\u014d wants to bring the best dishes, using the freshest ingredients, to every guest that stops by. More importantly it&#8217;s the time you spend with us that makes kensh\u014d, kensh\u014d. It really is food, [&hellip;]<\/p>\n","protected":false},"author":1,"featured_media":0,"parent":0,"menu_order":0,"comment_status":"closed","ping_status":"closed","template":"","meta":{"_coblocks_attr":"","_coblocks_dimensions":"","_coblocks_responsive_height":"","_coblocks_accordion_ie_support":"","hide_page_title":"","footnotes":""},"class_list":["post-22","page","type-page","status-publish","hentry"],"yoast_head":"<!-- This site is optimized with the Yoast SEO plugin v27.5 - https:\/\/yoast.com\/product\/yoast-seo-wordpress\/ -->\n<title>WELCOME -<\/title>\n<meta name=\"description\" content=\"5-star rated restaurant in Bucerias. Thai and Asian-inspired restaurant, just minutes from Puerto Vallarta, and right next to the ocean.\" \/>\n<meta name=\"robots\" content=\"index, follow, max-snippet:-1, max-image-preview:large, max-video-preview:-1\" \/>\n<link rel=\"canonical\" href=\"https:\/\/kenshobucerias.com.mx\/es\/about-kensho-thai-asian-bucerias\/\" \/>\n<meta property=\"og:locale\" content=\"es_MX\" \/>\n<meta property=\"og:type\" content=\"article\" \/>\n<meta property=\"og:title\" content=\"Kensh\u014d Bucerias | Thai | Asian-inspired Cuisine\" \/>\n<meta property=\"og:description\" content=\"Amazing Thai and Asian-inspired restaurant in Bucerias, just minutes from Puerto Vallarta. Formerly Chin-Gon. Right next to the ocean, with amazing music!\" \/>\n<meta property=\"og:url\" content=\"https:\/\/kenshobucerias.com.mx\/es\/about-kensho-thai-asian-bucerias\/\" \/>\n<meta property=\"article:publisher\" content=\"https:\/\/www.facebook.com\/kenshobucerias\" \/>\n<meta property=\"article:modified_time\" content=\"2024-11-05T15:47:41+00:00\" \/>\n<meta property=\"og:image\" content=\"https:\/\/kenshobucerias.com.mx\/wp-content\/uploads\/2020\/09\/kenshoLogo-final-02.png\" \/>\n\t<meta property=\"og:image:width\" content=\"1650\" \/>\n\t<meta property=\"og:image:height\" content=\"1650\" \/>\n\t<meta property=\"og:image:type\" content=\"image\/png\" \/>\n<meta name=\"twitter:card\" content=\"summary_large_image\" \/>\n<meta name=\"twitter:label1\" content=\"Tiempo de lectura\" \/>\n\t<meta name=\"twitter:data1\" content=\"1 minuto\" \/>\n<script type=\"application\/ld+json\" class=\"yoast-schema-graph\">{\"@context\":\"https:\\\/\\\/schema.org\",\"@graph\":[{\"@type\":\"WebPage\",\"@id\":\"https:\\\/\\\/kenshobucerias.com.mx\\\/about-kensho-thai-asian-bucerias\\\/\",\"url\":\"https:\\\/\\\/kenshobucerias.com.mx\\\/about-kensho-thai-asian-bucerias\\\/\",\"name\":\"WELCOME -\",\"isPartOf\":{\"@id\":\"https:\\\/\\\/kenshobucerias.com.mx\\\/es\\\/#website\"},\"primaryImageOfPage\":{\"@id\":\"https:\\\/\\\/kenshobucerias.com.mx\\\/about-kensho-thai-asian-bucerias\\\/#primaryimage\"},\"image\":{\"@id\":\"https:\\\/\\\/kenshobucerias.com.mx\\\/about-kensho-thai-asian-bucerias\\\/#primaryimage\"},\"thumbnailUrl\":\"https:\\\/\\\/kenshobucerias.com.mx\\\/wp-content\\\/uploads\\\/2024\\\/11\\\/Thai-Ribs2-812x1024.jpg\",\"datePublished\":\"2020-09-24T05:15:03+00:00\",\"dateModified\":\"2024-11-05T15:47:41+00:00\",\"description\":\"5-star rated restaurant in Bucerias. Thai and Asian-inspired restaurant, just minutes from Puerto Vallarta, and right next to the ocean.\",\"breadcrumb\":{\"@id\":\"https:\\\/\\\/kenshobucerias.com.mx\\\/about-kensho-thai-asian-bucerias\\\/#breadcrumb\"},\"inLanguage\":\"es\",\"potentialAction\":[{\"@type\":\"ReadAction\",\"target\":[\"https:\\\/\\\/kenshobucerias.com.mx\\\/about-kensho-thai-asian-bucerias\\\/\"]}]},{\"@type\":\"ImageObject\",\"inLanguage\":\"es\",\"@id\":\"https:\\\/\\\/kenshobucerias.com.mx\\\/about-kensho-thai-asian-bucerias\\\/#primaryimage\",\"url\":\"https:\\\/\\\/kenshobucerias.com.mx\\\/wp-content\\\/uploads\\\/2024\\\/11\\\/Thai-Ribs2-812x1024.jpg\",\"contentUrl\":\"https:\\\/\\\/kenshobucerias.com.mx\\\/wp-content\\\/uploads\\\/2024\\\/11\\\/Thai-Ribs2-812x1024.jpg\"},{\"@type\":\"BreadcrumbList\",\"@id\":\"https:\\\/\\\/kenshobucerias.com.mx\\\/about-kensho-thai-asian-bucerias\\\/#breadcrumb\",\"itemListElement\":[{\"@type\":\"ListItem\",\"position\":1,\"name\":\"Home\",\"item\":\"https:\\\/\\\/kenshobucerias.com.mx\\\/\"},{\"@type\":\"ListItem\",\"position\":2,\"name\":\"WELCOME\"}]},{\"@type\":\"WebSite\",\"@id\":\"https:\\\/\\\/kenshobucerias.com.mx\\\/es\\\/#website\",\"url\":\"https:\\\/\\\/kenshobucerias.com.mx\\\/es\\\/\",\"name\":\"\",\"description\":\"\",\"publisher\":{\"@id\":\"https:\\\/\\\/kenshobucerias.com.mx\\\/es\\\/#organization\"},\"potentialAction\":[{\"@type\":\"SearchAction\",\"target\":{\"@type\":\"EntryPoint\",\"urlTemplate\":\"https:\\\/\\\/kenshobucerias.com.mx\\\/es\\\/?s={search_term_string}\"},\"query-input\":{\"@type\":\"PropertyValueSpecification\",\"valueRequired\":true,\"valueName\":\"search_term_string\"}}],\"inLanguage\":\"es\"},{\"@type\":\"Organization\",\"@id\":\"https:\\\/\\\/kenshobucerias.com.mx\\\/es\\\/#organization\",\"name\":\"Kensho Bucerias\",\"url\":\"https:\\\/\\\/kenshobucerias.com.mx\\\/es\\\/\",\"logo\":{\"@type\":\"ImageObject\",\"inLanguage\":\"es\",\"@id\":\"https:\\\/\\\/kenshobucerias.com.mx\\\/es\\\/#\\\/schema\\\/logo\\\/image\\\/\",\"url\":\"https:\\\/\\\/secureservercdn.net\\\/104.238.68.196\\\/upg.009.myftpupload.com\\\/wp-content\\\/uploads\\\/2020\\\/10\\\/kenshoLogo-final-02.png?time=1632245272\",\"contentUrl\":\"https:\\\/\\\/secureservercdn.net\\\/104.238.68.196\\\/upg.009.myftpupload.com\\\/wp-content\\\/uploads\\\/2020\\\/10\\\/kenshoLogo-final-02.png?time=1632245272\",\"width\":1650,\"height\":1650,\"caption\":\"Kensho Bucerias\"},\"image\":{\"@id\":\"https:\\\/\\\/kenshobucerias.com.mx\\\/es\\\/#\\\/schema\\\/logo\\\/image\\\/\"},\"sameAs\":[\"https:\\\/\\\/www.facebook.com\\\/kenshobucerias\",\"https:\\\/\\\/www.instagram.com\\\/kenshobucerias\"]}]}<\/script>\n<!-- \/ Yoast SEO plugin. -->","yoast_head_json":{"title":"WELCOME -","description":"5-star rated restaurant in Bucerias. Thai and Asian-inspired restaurant, just minutes from Puerto Vallarta, and right next to the ocean.","robots":{"index":"index","follow":"follow","max-snippet":"max-snippet:-1","max-image-preview":"max-image-preview:large","max-video-preview":"max-video-preview:-1"},"canonical":"https:\/\/kenshobucerias.com.mx\/es\/about-kensho-thai-asian-bucerias\/","og_locale":"es_MX","og_type":"article","og_title":"Kensh\u014d Bucerias | Thai | Asian-inspired Cuisine","og_description":"Amazing Thai and Asian-inspired restaurant in Bucerias, just minutes from Puerto Vallarta. Formerly Chin-Gon. Right next to the ocean, with amazing music!","og_url":"https:\/\/kenshobucerias.com.mx\/es\/about-kensho-thai-asian-bucerias\/","article_publisher":"https:\/\/www.facebook.com\/kenshobucerias","article_modified_time":"2024-11-05T15:47:41+00:00","og_image":[{"width":1650,"height":1650,"url":"https:\/\/kenshobucerias.com.mx\/wp-content\/uploads\/2020\/09\/kenshoLogo-final-02.png","type":"image\/png"}],"twitter_card":"summary_large_image","twitter_misc":{"Tiempo de lectura":"1 minuto"},"schema":{"@context":"https:\/\/schema.org","@graph":[{"@type":"WebPage","@id":"https:\/\/kenshobucerias.com.mx\/about-kensho-thai-asian-bucerias\/","url":"https:\/\/kenshobucerias.com.mx\/about-kensho-thai-asian-bucerias\/","name":"WELCOME -","isPartOf":{"@id":"https:\/\/kenshobucerias.com.mx\/es\/#website"},"primaryImageOfPage":{"@id":"https:\/\/kenshobucerias.com.mx\/about-kensho-thai-asian-bucerias\/#primaryimage"},"image":{"@id":"https:\/\/kenshobucerias.com.mx\/about-kensho-thai-asian-bucerias\/#primaryimage"},"thumbnailUrl":"https:\/\/kenshobucerias.com.mx\/wp-content\/uploads\/2024\/11\/Thai-Ribs2-812x1024.jpg","datePublished":"2020-09-24T05:15:03+00:00","dateModified":"2024-11-05T15:47:41+00:00","description":"5-star rated restaurant in Bucerias. Thai and Asian-inspired restaurant, just minutes from Puerto Vallarta, and right next to the ocean.","breadcrumb":{"@id":"https:\/\/kenshobucerias.com.mx\/about-kensho-thai-asian-bucerias\/#breadcrumb"},"inLanguage":"es","potentialAction":[{"@type":"ReadAction","target":["https:\/\/kenshobucerias.com.mx\/about-kensho-thai-asian-bucerias\/"]}]},{"@type":"ImageObject","inLanguage":"es","@id":"https:\/\/kenshobucerias.com.mx\/about-kensho-thai-asian-bucerias\/#primaryimage","url":"https:\/\/kenshobucerias.com.mx\/wp-content\/uploads\/2024\/11\/Thai-Ribs2-812x1024.jpg","contentUrl":"https:\/\/kenshobucerias.com.mx\/wp-content\/uploads\/2024\/11\/Thai-Ribs2-812x1024.jpg"},{"@type":"BreadcrumbList","@id":"https:\/\/kenshobucerias.com.mx\/about-kensho-thai-asian-bucerias\/#breadcrumb","itemListElement":[{"@type":"ListItem","position":1,"name":"Home","item":"https:\/\/kenshobucerias.com.mx\/"},{"@type":"ListItem","position":2,"name":"WELCOME"}]},{"@type":"WebSite","@id":"https:\/\/kenshobucerias.com.mx\/es\/#website","url":"https:\/\/kenshobucerias.com.mx\/es\/","name":"","description":"","publisher":{"@id":"https:\/\/kenshobucerias.com.mx\/es\/#organization"},"potentialAction":[{"@type":"SearchAction","target":{"@type":"EntryPoint","urlTemplate":"https:\/\/kenshobucerias.com.mx\/es\/?s={search_term_string}"},"query-input":{"@type":"PropertyValueSpecification","valueRequired":true,"valueName":"search_term_string"}}],"inLanguage":"es"},{"@type":"Organization","@id":"https:\/\/kenshobucerias.com.mx\/es\/#organization","name":"Kensho Bucerias","url":"https:\/\/kenshobucerias.com.mx\/es\/","logo":{"@type":"ImageObject","inLanguage":"es","@id":"https:\/\/kenshobucerias.com.mx\/es\/#\/schema\/logo\/image\/","url":"https:\/\/secureservercdn.net\/104.238.68.196\/upg.009.myftpupload.com\/wp-content\/uploads\/2020\/10\/kenshoLogo-final-02.png?time=1632245272","contentUrl":"https:\/\/secureservercdn.net\/104.238.68.196\/upg.009.myftpupload.com\/wp-content\/uploads\/2020\/10\/kenshoLogo-final-02.png?time=1632245272","width":1650,"height":1650,"caption":"Kensho Bucerias"},"image":{"@id":"https:\/\/kenshobucerias.com.mx\/es\/#\/schema\/logo\/image\/"},"sameAs":["https:\/\/www.facebook.com\/kenshobucerias","https:\/\/www.instagram.com\/kenshobucerias"]}]}},"_links":{"self":[{"href":"https:\/\/kenshobucerias.com.mx\/es\/wp-json\/wp\/v2\/pages\/22","targetHints":{"allow":["GET"]}}],"collection":[{"href":"https:\/\/kenshobucerias.com.mx\/es\/wp-json\/wp\/v2\/pages"}],"about":[{"href":"https:\/\/kenshobucerias.com.mx\/es\/wp-json\/wp\/v2\/types\/page"}],"author":[{"embeddable":true,"href":"https:\/\/kenshobucerias.com.mx\/es\/wp-json\/wp\/v2\/users\/1"}],"replies":[{"embeddable":true,"href":"https:\/\/kenshobucerias.com.mx\/es\/wp-json\/wp\/v2\/comments?post=22"}],"version-history":[{"count":28,"href":"https:\/\/kenshobucerias.com.mx\/es\/wp-json\/wp\/v2\/pages\/22\/revisions"}],"predecessor-version":[{"id":359,"href":"https:\/\/kenshobucerias.com.mx\/es\/wp-json\/wp\/v2\/pages\/22\/revisions\/359"}],"wp:attachment":[{"href":"https:\/\/kenshobucerias.com.mx\/es\/wp-json\/wp\/v2\/media?parent=22"}],"curies":[{"name":"wp","href":"https:\/\/api.w.org\/{rel}","templated":true}]}}